{"id":12145,"date":"2021-01-12T10:14:19","date_gmt":"2021-01-12T09:14:19","guid":{"rendered":"https:\/\/pedikuragabriela.cz\/?page_id=12145"},"modified":"2025-10-19T22:35:00","modified_gmt":"2025-10-19T20:35:00","slug":"objednat-se","status":"publish","type":"page","link":"https:\/\/pedikuragabriela.cz\/opava\/objednat-se\/","title":{"rendered":"Objednat se"},"content":{"rendered":"\t\t<div data-elementor-type=\"wp-page\" data-elementor-id=\"12145\" class=\"elementor elementor-12145\">\n\t\t\t\t\t\t<section class=\"elementor-section elementor-top-section elementor-element elementor-element-241909e8 elementor-section-full_width elementor-section-height-default elementor-section-height-default\" data-id=\"241909e8\" data-element_type=\"section\" data-e-type=\"section\">\n\t\t\t\t\t\t<div class=\"elementor-container elementor-column-gap-extended\">\n\t\t\t\t\t<div class=\"elementor-column elementor-col-50 elementor-top-column elementor-element elementor-element-f01a665\" data-id=\"f01a665\" data-element_type=\"column\" data-e-type=\"column\">\n\t\t\t<div class=\"elementor-widget-wrap elementor-element-populated\">\n\t\t\t\t\t\t<div class=\"elementor-element elementor-element-25e84acc elementor-widget elementor-widget-text-editor\" data-id=\"25e84acc\" data-element_type=\"widget\" data-e-type=\"widget\" data-widget_type=\"text-editor.default\">\n\t\t\t\t<div class=\"elementor-widget-container\">\n\t\t\t\t\t\t\t\t\t<p><span style=\"color: #000000;\">M\u00e1te z\u00e1jem o&nbsp;pedik\u00faru? Vypl\u0148te formul\u00e1\u0159 n\u00ed\u017ee, p\u0159ijde mi na mail. M\u016f\u017eete mi poslat i&nbsp;SMS. Ozvu se v\u00e1m zp\u011bt a&nbsp;domluv\u00edme \u010das n\u00e1v\u0161t\u011bvy.<\/span><\/p>\t\t\t\t\t\t\t\t<\/div>\n\t\t\t\t<\/div>\n\t\t\t\t<div class=\"elementor-element elementor-element-b06f59d elementor-widget elementor-widget-shortcode\" data-id=\"b06f59d\" data-element_type=\"widget\" data-e-type=\"widget\" data-widget_type=\"shortcode.default\">\n\t\t\t\t<div class=\"elementor-widget-container\">\n\t\t\t\t\t\t\t<div class=\"elementor-shortcode\"><div class=\"forminator-ui forminator-custom-form forminator-custom-form-12255 forminator-design--flat  forminator_ajax\" data-forminator-render=\"0\" data-form=\"forminator-module-12255\" data-uid=\"69e8dc14024e7\"><br\/><\/div><form\n\t\t\t\tid=\"forminator-module-12255\"\n\t\t\t\tclass=\"forminator-ui forminator-custom-form forminator-custom-form-12255 forminator-design--flat  forminator_ajax\"\n\t\t\t\tmethod=\"post\"\n\t\t\t\tdata-forminator-render=\"0\"\n\t\t\t\tdata-form-id=\"12255\"\n\t\t\t\t data-color-option=\"default\" data-design=\"flat\" data-grid=\"open\" style=\"display: none;\"\n\t\t\t\tdata-uid=\"69e8dc14024e7\"\n\t\t\t><div role=\"alert\" aria-live=\"polite\" class=\"forminator-response-message forminator-error\" aria-hidden=\"true\"><\/div><div class=\"forminator-row\"><div id=\"name-1\" class=\"forminator-field-name forminator-col forminator-col-12 \"><div class=\"forminator-field\"><label for=\"forminator-field-name-1_69e8dc14024e7\" id=\"forminator-field-name-1_69e8dc14024e7-label\" class=\"forminator-label\">Jm\u00e9no a&nbsp;p\u0159\u00edjmen\u00ed <span class=\"forminator-required\">*<\/span><\/label><input type=\"text\" name=\"name-1\" value=\"\" placeholder=\"\" id=\"forminator-field-name-1_69e8dc14024e7\" class=\"forminator-input forminator-name--field\" aria-required=\"true\" autocomplete=\"name\" \/><\/div><\/div><\/div><div class=\"forminator-row\"><div id=\"email-1\" class=\"forminator-field-email forminator-col forminator-col-12 \"><div class=\"forminator-field\"><label for=\"forminator-field-email-1_69e8dc14024e7\" id=\"forminator-field-email-1_69e8dc14024e7-label\" class=\"forminator-label\">Email<\/label><input type=\"email\" name=\"email-1\" value=\"\" placeholder=\"@\" id=\"forminator-field-email-1_69e8dc14024e7\" class=\"forminator-input forminator-email--field\" data-required=\"\" aria-required=\"false\" autocomplete=\"email\" \/><\/div><\/div><\/div><div class=\"forminator-row\"><div id=\"phone-1\" class=\"forminator-field-phone forminator-col forminator-col-12 \"><div class=\"forminator-field\"><label for=\"forminator-field-phone-1_69e8dc14024e7\" id=\"forminator-field-phone-1_69e8dc14024e7-label\" class=\"forminator-label\">Telefon <span class=\"forminator-required\">*<\/span><\/label><input type=\"text\" name=\"phone-1\" value=\"\" placeholder=\"\" id=\"forminator-field-phone-1_69e8dc14024e7\" class=\"forminator-input forminator-field--phone\" data-required=\"1\" aria-required=\"true\" autocomplete=\"off\" \/><\/div><\/div><\/div><div class=\"forminator-row\"><div id=\"select-1\" class=\"forminator-field-select forminator-col forminator-col-12 \"><div class=\"forminator-field\"><label for=\"forminator-form-12255__field--select-1_69e8dc14024e7\" id=\"forminator-form-12255__field--select-1_69e8dc14024e7-label\" class=\"forminator-label\">Slu\u017eba<\/label><select  id=\"forminator-form-12255__field--select-1_69e8dc14024e7\" class=\"forminator-select--field forminator-select2 forminator-select2-multiple\" data-required=\"\" name=\"select-1\" data-default-value=\"\" data-placeholder=\"\" data-search=\"false\" data-search-placeholder=\"\" data-checkbox=\"false\" data-allow-clear=\"false\" aria-labelledby=\"forminator-form-12255__field--select-1_69e8dc14024e7-label\"><option value=\"Mobiln\u00ed-pedik\u00fara---slu\u017eba-dom\u016f\"  data-calculation=\"0\">P\u0159\u00edstrojov\u00e1 pedik\u00fara<\/option><option value=\"Pedik\u00fara-v-salonu---Rolnick\u00e1-54\"  data-calculation=\"0\">KART pedik\u00fara<\/option><option value=\"O\u0161et\u0159en\u00ed-zarostl\u00e9ho-nehtu\"  data-calculation=\"0\">O\u0161et\u0159en\u00ed zarostl\u00e9ho nehtu<\/option><\/select><\/div><\/div><\/div><div class=\"forminator-row\"><div id=\"text-1\" class=\"forminator-field-text forminator-col forminator-col-12 \"><div class=\"forminator-field\"><label for=\"forminator-field-text-1_69e8dc14024e7\" id=\"forminator-field-text-1_69e8dc14024e7-label\" class=\"forminator-label\">Obec<\/label><input type=\"text\" name=\"text-1\" value=\"\" placeholder=\"\" id=\"forminator-field-text-1_69e8dc14024e7\" class=\"forminator-input forminator-name--field\" data-required=\"\" \/><\/div><\/div><\/div><div class=\"forminator-row\"><div id=\"textarea-1\" class=\"forminator-field-textarea forminator-col forminator-col-12 \"><div class=\"forminator-field\"><label for=\"forminator-field-textarea-1_69e8dc14024e7\" id=\"forminator-field-textarea-1_69e8dc14024e7-label\" class=\"forminator-label\">Zpr\u00e1va<\/label><textarea name=\"textarea-1\" placeholder=\"\" id=\"forminator-field-textarea-1_69e8dc14024e7\" class=\"forminator-textarea\" rows=\"6\" style=\"--forminator-textarea-min-height:140px;\" aria-describedby=\"forminator-field-textarea-1_69e8dc14024e7-description\" ><\/textarea><span id=\"forminator-field-textarea-1_69e8dc14024e7-description\" class=\"forminator-description\">Popi\u0161te va\u0161i p\u0159\u00edpadnou pot\u00ed\u017e, v\u011bk, po\u010det osob k&nbsp;o\u0161et\u0159en\u00ed<span data-limit=\"200\" data-type=\"words\" data-editor=\"\">0 \/ 200<\/span><\/span><\/div><\/div><\/div><div class=\"forminator-row\"><div id=\"captcha-1\" class=\"forminator-field-captcha forminator-col forminator-col-12 \"><div class=\"forminator-captcha-left forminator-g-recaptcha\" data-theme=\"light\"  data-sitekey=\"6LffZCkaAAAAAET3zHdl5JCZ5tAaheQXXH_GOQMA\" data-size=\"normal\"><\/div> <\/div><\/div><div class=\"forminator-row\"><div id=\"gdprcheckbox-1\" class=\"forminator-field-gdprcheckbox forminator-col forminator-col-12 \"><div class=\"forminator-field\"><label for=\"forminator-field-gdprcheckbox-1_69e8dc14024e7\" class=\"forminator-checkbox\"><input type=\"checkbox\" name=\"gdprcheckbox-1\" value=\"true\" id=\"forminator-field-gdprcheckbox-1_69e8dc14024e7\" data-required=\"true\" aria-required=\"true\" \/><span class=\"forminator-checkbox-box\" aria-hidden=\"true\"><\/span><span class=\"forminator-checkbox-label\">Souhlas\u00edm s&nbsp;obchodn\u00edmi podm\u00ednkami a&nbsp;zpracov\u00e1n\u00edm osobn\u00edch \u00fadaj\u016f.<\/span><\/label><\/div><\/div><\/div><input type=\"hidden\" name=\"referer_url\" value=\"\" \/><div class=\"forminator-row forminator-row-last\"><div class=\"forminator-col\"><div class=\"forminator-field\"><button class=\"forminator-button forminator-button-submit\">Odeslat<\/button><\/div><\/div><\/div><input type=\"hidden\" id=\"forminator_nonce\" name=\"forminator_nonce\" value=\"501969a821\" \/><input type=\"hidden\" name=\"_wp_http_referer\" value=\"\/opava\/wp-json\/wp\/v2\/pages\/12145\" \/><input type=\"hidden\" name=\"form_id\" value=\"12255\"><input type=\"hidden\" name=\"page_id\" value=\"12145\"><input type=\"hidden\" name=\"form_type\" value=\"default\"><input type=\"hidden\" name=\"current_url\" value=\"https:\/\/pedikuragabriela.cz\/opava\/objednat-se\/\"><input type=\"hidden\" name=\"render_id\" value=\"0\"><input type=\"hidden\" name=\"action\" value=\"forminator_submit_form_custom-forms\"><\/form><\/div>\n\t\t\t\t\t\t<\/div>\n\t\t\t\t<\/div>\n\t\t\t\t\t<\/div>\n\t\t<\/div>\n\t\t\t\t<div class=\"elementor-column elementor-col-50 elementor-top-column elementor-element elementor-element-79c9136\" data-id=\"79c9136\" data-element_type=\"column\" data-e-type=\"column\">\n\t\t\t<div class=\"elementor-widget-wrap elementor-element-populated\">\n\t\t\t\t\t\t<div class=\"elementor-element elementor-element-c9d7e82 elementor-widget elementor-widget-text-editor\" data-id=\"c9d7e82\" data-element_type=\"widget\" data-e-type=\"widget\" data-widget_type=\"text-editor.default\">\n\t\t\t\t<div class=\"elementor-widget-container\">\n\t\t\t\t\t\t\t\t\t<h4><span style=\"color: #000000;\">Kontakt<\/span><\/h4>\n<div class=\"wp-block-columns\">\n<div class=\"wp-block-column\" style=\"flex-basis: 100%;\">\n<div class=\"wp-block-columns\">\n<div class=\"wp-block-column\">\n<p><span style=\"color: #000000;\"><!-- \/wp:heading --><!-- wp:paragraph --><\/span><\/p>\n<p><span style=\"color: #000000;\">Ing. Gabriela Salichov\u00e1<br \/><\/span><span style=\"color: #000000;\">tel: 603&nbsp;760&nbsp;094<br \/><a href=\"mailto:gabriela@pedikuragabriela.cz\">gabriela@pedikuragabriela.cz<\/a><br \/><strong>SALON:<\/strong> Rolnick\u00e1 54, Opava-Kate\u0159inky (naproti Billy, u&nbsp;zast\u00e1vka autobusu \u010d.&nbsp;204 &#8211; Vrchn\u00ed)<\/span><\/p>\n<p><!-- \/wp:paragraph --><!-- wp:paragraph --><\/p>\n<p><span style=\"color: #000000;\">Pracuji jen v&nbsp;pracovn\u00ed dny v&nbsp;\u010dase 6:45 &#8211; 15:30 hodin.<\/span><\/p>\n<p><!-- wp:paragraph --><\/p>\n<p><span style=\"color: #000000;\"><strong><u>D\u016eLE\u017dIT\u00c9:<\/u><\/strong><strong> KDY\u017d NEM\u016e\u017dETE P\u0158IJ\u00cdT NA DOHODNUT\u00dd TERM\u00cdN PEDIK\u00daRY<\/strong>, je t\u0159eba se omluvit alespo\u0148 <strong>24 hodin p\u0159edem<\/strong>. Pokud tak nestihnete u\u010dinit, mus\u00edte za sebe <strong>poslat n\u00e1hradu<\/strong> a&nbsp;nebo <strong>zaplatit 500&nbsp;K\u010d<\/strong> za m\u016fj \u010das na \u00fa\u010det 168&nbsp;168&nbsp;29&nbsp;01 \/ 5500.<\/span><\/p>\n<p><span style=\"color: #000000;\">V p\u0159\u00edpad\u011b vyu\u017eit\u00ed D\u00c1RKOV\u00c9HO POUKAZU je t\u0159eba volat na dohodnut\u00ed term\u00ednu nejl\u00e9pe m\u011bs\u00edc\u00a0 p\u0159edem nejpozd\u011bji v\u0161ak 3 t\u00fddny p\u0159ed koncem platnosti poukazu.\u00a0 Kapacitn\u00ed d\u016fvody. <\/span><span style=\"color: #000000;\">D\u011bkuji za pochopen\u00ed.<\/span><\/p>\n<p><!-- \/wp:paragraph --><\/p>\n<p><span style=\"color: #000000;\"><!-- \/wp:paragraph --><!-- wp:paragraph --><\/span><!-- \/wp:paragraph --><\/p>\n<\/div>\n<p><!-- \/wp:column --><\/p>\n<\/div>\n<p><!-- \/wp:columns --><\/p>\n<\/div>\n<p><!-- \/wp:column --><\/p>\n<\/div>\n<p><!-- \/wp:columns --><\/p>\t\t\t\t\t\t\t\t<\/div>\n\t\t\t\t<\/div>\n\t\t\t\t\t<\/div>\n\t\t<\/div>\n\t\t\t\t\t<\/div>\n\t\t<\/section>\n\t\t\t\t<\/div>\n\t\t","protected":false},"excerpt":{"rendered":"<p>M\u00e1te z\u00e1jem o&nbsp;pedik\u00faru? Vypl\u0148te formul\u00e1\u0159 n\u00ed\u017ee, p\u0159ijde mi na mail. M\u016f\u017eete mi poslat i&nbsp;SMS. Ozvu se v\u00e1m zp\u011bt a&nbsp;domluv\u00edme \u010das n\u00e1v\u0161t\u011bvy. Kontakt Ing. Gabriela Salichov\u00e1tel: 603&nbsp;760&nbsp;094gabriela@pedikuragabriela.czSALON: Rolnick\u00e1 54, Opava-Kate\u0159inky (naproti Billy, u&nbsp;zast\u00e1vka autobusu \u010d.&nbsp;204 &#8211; Vrchn\u00ed) Pracuji jen v&nbsp;pracovn\u00ed dny v&nbsp;\u010dase 6:45 &#8211; 15:30 hodin. D\u016eLE\u017dIT\u00c9: KDY\u017d NEM\u016e\u017dETE P\u0158IJ\u00cdT NA DOHODNUT\u00dd TERM\u00cdN PEDIK\u00daRY, je t\u0159eba se omluvit alespo\u0148 24 hodin p\u0159edem. Pokud tak nestihnete u\u010dinit, mus\u00edte za sebe poslat n\u00e1hradu&hellip;<\/p>\n<p> <a class=\"more-link\" href=\"https:\/\/pedikuragabriela.cz\/opava\/objednat-se\/\">\u010ct\u011bte v\u00edce<\/a><\/p>\n","protected":false},"author":1,"featured_media":0,"parent":0,"menu_order":0,"comment_status":"closed","ping_status":"closed","template":"","meta":{"footnotes":""},"class_list":["post-12145","page","type-page","status-publish"],"yoast_head":"<!-- This site is optimized with the Yoast SEO plugin v27.4 - https:\/\/yoast.com\/product\/yoast-seo-wordpress\/ -->\n<title>Objednat se &#8211; Pedik\u00fara Opava, Rolnick\u00e1 54<\/title>\n<meta name=\"robots\" content=\"index, follow, max-snippet:-1, max-image-preview:large, max-video-preview:-1\" \/>\n<link rel=\"canonical\" href=\"https:\/\/pedikuragabriela.cz\/opava\/objednat-se\/\" \/>\n<meta name=\"twitter:card\" content=\"summary_large_image\" \/>\n<meta name=\"twitter:title\" content=\"Objednat se &#8211; Pedik\u00fara Opava, Rolnick\u00e1 54\" \/>\n<meta name=\"twitter:description\" content=\"M\u00e1te z\u00e1jem o&nbsp;pedik\u00faru? Vypl\u0148te formul\u00e1\u0159 n\u00ed\u017ee, p\u0159ijde mi na mail. M\u016f\u017eete mi poslat i&nbsp;SMS. Ozvu se v\u00e1m zp\u011bt a&nbsp;domluv\u00edme \u010das n\u00e1v\u0161t\u011bvy. Kontakt Ing. Gabriela Salichov\u00e1tel: 603&nbsp;760&nbsp;094gabriela@pedikuragabriela.czSALON: Rolnick\u00e1 54, Opava-Kate\u0159inky (naproti Billy, u&nbsp;zast\u00e1vka autobusu \u010d.&nbsp;204 &#8211; Vrchn\u00ed) Pracuji jen v&nbsp;pracovn\u00ed dny v&nbsp;\u010dase 6:45 &#8211; 15:30 hodin. D\u016eLE\u017dIT\u00c9: KDY\u017d NEM\u016e\u017dETE P\u0158IJ\u00cdT NA DOHODNUT\u00dd TERM\u00cdN PEDIK\u00daRY, je t\u0159eba se omluvit alespo\u0148 24 hodin p\u0159edem. Pokud tak nestihnete u\u010dinit, mus\u00edte za sebe poslat n\u00e1hradu&hellip;  \u010ct\u011bte v\u00edce\" \/>\n<meta name=\"twitter:label1\" content=\"Odhadovan\u00e1 doba \u010dten\u00ed\" \/>\n\t<meta name=\"twitter:data1\" content=\"1 minuta\" \/>\n<script type=\"application\/ld+json\" class=\"yoast-schema-graph\">{\"@context\":\"https:\\\/\\\/schema.org\",\"@graph\":[{\"@type\":\"WebPage\",\"@id\":\"https:\\\/\\\/pedikuragabriela.cz\\\/opava\\\/objednat-se\\\/\",\"url\":\"https:\\\/\\\/pedikuragabriela.cz\\\/opava\\\/objednat-se\\\/\",\"name\":\"Objednat se &#8211; Pedik\u00fara Opava, Rolnick\u00e1 54\",\"isPartOf\":{\"@id\":\"https:\\\/\\\/pedikuragabriela.cz\\\/opava\\\/#website\"},\"datePublished\":\"2021-01-12T09:14:19+00:00\",\"dateModified\":\"2025-10-19T20:35:00+00:00\",\"breadcrumb\":{\"@id\":\"https:\\\/\\\/pedikuragabriela.cz\\\/opava\\\/objednat-se\\\/#breadcrumb\"},\"inLanguage\":\"cs\",\"potentialAction\":[{\"@type\":\"ReadAction\",\"target\":[\"https:\\\/\\\/pedikuragabriela.cz\\\/opava\\\/objednat-se\\\/\"]}]},{\"@type\":\"BreadcrumbList\",\"@id\":\"https:\\\/\\\/pedikuragabriela.cz\\\/opava\\\/objednat-se\\\/#breadcrumb\",\"itemListElement\":[{\"@type\":\"ListItem\",\"position\":1,\"name\":\"Dom\u016f\",\"item\":\"https:\\\/\\\/pedikuragabriela.cz\\\/opava\\\/\"},{\"@type\":\"ListItem\",\"position\":2,\"name\":\"Objednat se\"}]},{\"@type\":\"WebSite\",\"@id\":\"https:\\\/\\\/pedikuragabriela.cz\\\/opava\\\/#website\",\"url\":\"https:\\\/\\\/pedikuragabriela.cz\\\/opava\\\/\",\"name\":\"Pedik\u00fara Gabriela Salichov\u00e1\",\"description\":\"Odborn\u00e1 p\u0159\u00edstrojov\u00e1 pedik\u00fara\",\"publisher\":{\"@id\":\"https:\\\/\\\/pedikuragabriela.cz\\\/opava\\\/#organization\"},\"potentialAction\":[{\"@type\":\"SearchAction\",\"target\":{\"@type\":\"EntryPoint\",\"urlTemplate\":\"https:\\\/\\\/pedikuragabriela.cz\\\/opava\\\/?s={search_term_string}\"},\"query-input\":{\"@type\":\"PropertyValueSpecification\",\"valueRequired\":true,\"valueName\":\"search_term_string\"}}],\"inLanguage\":\"cs\"},{\"@type\":\"Organization\",\"@id\":\"https:\\\/\\\/pedikuragabriela.cz\\\/opava\\\/#organization\",\"name\":\"Odborn\u00e1 p\u0159\u00edstrojov\u00e1 pedik\u00fara \u2013 Rolnick\u00e1 54, Opava | Gabriela Salichov\u00e1\",\"url\":\"https:\\\/\\\/pedikuragabriela.cz\\\/opava\\\/\",\"logo\":{\"@type\":\"ImageObject\",\"inLanguage\":\"cs\",\"@id\":\"https:\\\/\\\/pedikuragabriela.cz\\\/opava\\\/#\\\/schema\\\/logo\\\/image\\\/\",\"url\":\"https:\\\/\\\/pedikuragabriela.cz\\\/opava\\\/wp-content\\\/uploads\\\/2025\\\/02\\\/pedikura-gabriela-opava.png\",\"contentUrl\":\"https:\\\/\\\/pedikuragabriela.cz\\\/opava\\\/wp-content\\\/uploads\\\/2025\\\/02\\\/pedikura-gabriela-opava.png\",\"width\":800,\"height\":333,\"caption\":\"Odborn\u00e1 p\u0159\u00edstrojov\u00e1 pedik\u00fara \u2013 Rolnick\u00e1 54, Opava | Gabriela Salichov\u00e1\"},\"image\":{\"@id\":\"https:\\\/\\\/pedikuragabriela.cz\\\/opava\\\/#\\\/schema\\\/logo\\\/image\\\/\"},\"sameAs\":[\"https:\\\/\\\/www.facebook.com\\\/PedikuraGabriela\",\"https:\\\/\\\/www.instagram.com\\\/pedikura_gabriela\\\/\"]}]}<\/script>\n<!-- \/ Yoast SEO plugin. -->","yoast_head_json":{"title":"Objednat se &#8211; Pedik\u00fara Opava, Rolnick\u00e1 54","robots":{"index":"index","follow":"follow","max-snippet":"max-snippet:-1","max-image-preview":"max-image-preview:large","max-video-preview":"max-video-preview:-1"},"canonical":"https:\/\/pedikuragabriela.cz\/opava\/objednat-se\/","twitter_card":"summary_large_image","twitter_title":"Objednat se &#8211; Pedik\u00fara Opava, Rolnick\u00e1 54","twitter_description":"M\u00e1te z\u00e1jem o&nbsp;pedik\u00faru? Vypl\u0148te formul\u00e1\u0159 n\u00ed\u017ee, p\u0159ijde mi na mail. M\u016f\u017eete mi poslat i&nbsp;SMS. Ozvu se v\u00e1m zp\u011bt a&nbsp;domluv\u00edme \u010das n\u00e1v\u0161t\u011bvy. Kontakt Ing. Gabriela Salichov\u00e1tel: 603&nbsp;760&nbsp;094gabriela@pedikuragabriela.czSALON: Rolnick\u00e1 54, Opava-Kate\u0159inky (naproti Billy, u&nbsp;zast\u00e1vka autobusu \u010d.&nbsp;204 &#8211; Vrchn\u00ed) Pracuji jen v&nbsp;pracovn\u00ed dny v&nbsp;\u010dase 6:45 &#8211; 15:30 hodin. D\u016eLE\u017dIT\u00c9: KDY\u017d NEM\u016e\u017dETE P\u0158IJ\u00cdT NA DOHODNUT\u00dd TERM\u00cdN PEDIK\u00daRY, je t\u0159eba se omluvit alespo\u0148 24 hodin p\u0159edem. Pokud tak nestihnete u\u010dinit, mus\u00edte za sebe poslat n\u00e1hradu&hellip;  \u010ct\u011bte v\u00edce","twitter_misc":{"Odhadovan\u00e1 doba \u010dten\u00ed":"1 minuta"},"schema":{"@context":"https:\/\/schema.org","@graph":[{"@type":"WebPage","@id":"https:\/\/pedikuragabriela.cz\/opava\/objednat-se\/","url":"https:\/\/pedikuragabriela.cz\/opava\/objednat-se\/","name":"Objednat se &#8211; Pedik\u00fara Opava, Rolnick\u00e1 54","isPartOf":{"@id":"https:\/\/pedikuragabriela.cz\/opava\/#website"},"datePublished":"2021-01-12T09:14:19+00:00","dateModified":"2025-10-19T20:35:00+00:00","breadcrumb":{"@id":"https:\/\/pedikuragabriela.cz\/opava\/objednat-se\/#breadcrumb"},"inLanguage":"cs","potentialAction":[{"@type":"ReadAction","target":["https:\/\/pedikuragabriela.cz\/opava\/objednat-se\/"]}]},{"@type":"BreadcrumbList","@id":"https:\/\/pedikuragabriela.cz\/opava\/objednat-se\/#breadcrumb","itemListElement":[{"@type":"ListItem","position":1,"name":"Dom\u016f","item":"https:\/\/pedikuragabriela.cz\/opava\/"},{"@type":"ListItem","position":2,"name":"Objednat se"}]},{"@type":"WebSite","@id":"https:\/\/pedikuragabriela.cz\/opava\/#website","url":"https:\/\/pedikuragabriela.cz\/opava\/","name":"Pedik\u00fara Gabriela Salichov\u00e1","description":"Odborn\u00e1 p\u0159\u00edstrojov\u00e1 pedik\u00fara","publisher":{"@id":"https:\/\/pedikuragabriela.cz\/opava\/#organization"},"potentialAction":[{"@type":"SearchAction","target":{"@type":"EntryPoint","urlTemplate":"https:\/\/pedikuragabriela.cz\/opava\/?s={search_term_string}"},"query-input":{"@type":"PropertyValueSpecification","valueRequired":true,"valueName":"search_term_string"}}],"inLanguage":"cs"},{"@type":"Organization","@id":"https:\/\/pedikuragabriela.cz\/opava\/#organization","name":"Odborn\u00e1 p\u0159\u00edstrojov\u00e1 pedik\u00fara \u2013 Rolnick\u00e1 54, Opava | Gabriela Salichov\u00e1","url":"https:\/\/pedikuragabriela.cz\/opava\/","logo":{"@type":"ImageObject","inLanguage":"cs","@id":"https:\/\/pedikuragabriela.cz\/opava\/#\/schema\/logo\/image\/","url":"https:\/\/pedikuragabriela.cz\/opava\/wp-content\/uploads\/2025\/02\/pedikura-gabriela-opava.png","contentUrl":"https:\/\/pedikuragabriela.cz\/opava\/wp-content\/uploads\/2025\/02\/pedikura-gabriela-opava.png","width":800,"height":333,"caption":"Odborn\u00e1 p\u0159\u00edstrojov\u00e1 pedik\u00fara \u2013 Rolnick\u00e1 54, Opava | Gabriela Salichov\u00e1"},"image":{"@id":"https:\/\/pedikuragabriela.cz\/opava\/#\/schema\/logo\/image\/"},"sameAs":["https:\/\/www.facebook.com\/PedikuraGabriela","https:\/\/www.instagram.com\/pedikura_gabriela\/"]}]}},"_links":{"self":[{"href":"https:\/\/pedikuragabriela.cz\/opava\/wp-json\/wp\/v2\/pages\/12145","targetHints":{"allow":["GET"]}}],"collection":[{"href":"https:\/\/pedikuragabriela.cz\/opava\/wp-json\/wp\/v2\/pages"}],"about":[{"href":"https:\/\/pedikuragabriela.cz\/opava\/wp-json\/wp\/v2\/types\/page"}],"author":[{"embeddable":true,"href":"https:\/\/pedikuragabriela.cz\/opava\/wp-json\/wp\/v2\/users\/1"}],"replies":[{"embeddable":true,"href":"https:\/\/pedikuragabriela.cz\/opava\/wp-json\/wp\/v2\/comments?post=12145"}],"version-history":[{"count":54,"href":"https:\/\/pedikuragabriela.cz\/opava\/wp-json\/wp\/v2\/pages\/12145\/revisions"}],"predecessor-version":[{"id":13226,"href":"https:\/\/pedikuragabriela.cz\/opava\/wp-json\/wp\/v2\/pages\/12145\/revisions\/13226"}],"wp:attachment":[{"href":"https:\/\/pedikuragabriela.cz\/opava\/wp-json\/wp\/v2\/media?parent=12145"}],"curies":[{"name":"wp","href":"https:\/\/api.w.org\/{rel}","templated":true}]}}